{"id":1169,"date":"2025-07-29T15:19:30","date_gmt":"2025-07-29T12:19:30","guid":{"rendered":"https:\/\/dpgcl.md\/?page_id=1169"},"modified":"2026-04-02T11:44:58","modified_gmt":"2026-04-02T08:44:58","slug":"noutati","status":"publish","type":"page","link":"https:\/\/dpgcl.md\/?page_id=1169","title":{"rendered":"Nout\u0103\u021bi"},"content":{"rendered":"\n<p class=\"has-blush-bordeaux-gradient-background has-background has-medium-font-size\"><i class=\"bi bi-exclamation-triangle\"><\/i> <strong>ANUN\u021a IMPORTANT<\/strong>: <strong>Sistarea furniz\u0103rii apei<\/strong><\/p>\n\n\n\n<p class=\"has-pale-ocean-gradient-background has-background\" id=\"block-d8285a5a-1267-4306-85b0-31b77f847c62\"><br><strong>Stima\u021bi consumatori, \u00centreprinderea Municipal\u0103&nbsp;\u201eDirec\u021bia de Produc\u021bie a Gospod\u0103riei Comunale \u0219i de Locuin\u021be\u201d&nbsp;din ora\u0219ul F\u0103le\u0219ti v\u0103 informeaz\u0103 c\u0103, din cauza unor lucr\u0103ri de repara\u021bie la \u021bevile centrale de apeduct, furnizarea apei va fi \u00eentrerupt\u0103. &nbsp;<br><i class=\"bi bi-geo\"><\/i> Zona afectat\u0103:&nbsp;Microraionul Dacia<br>Perioada: 06.04.2026 \u2013 07.04.2026                                                                                                                                                                       V\u0103 recomand\u0103m s\u0103 v\u0103 asigura\u021bi rezervele necesare de ap\u0103. <br>V\u0103 mul\u021bumim pentru \u00een\u021belegere \u0219i ne cerem scuze pentru disconfortul creat! <br>Cu respect,<br>Administra\u021bia \u00ce.M. DPGCL F\u0103le\u0219ti&nbsp; <\/strong><\/p>\n\n\n\n<p class=\"has-very-light-gray-to-cyan-bluish-gray-gradient-background has-background\" id=\"block-d8285a5a-1267-4306-85b0-31b77f847c62\"><strong>Dispozi\u021bie nr.107 din 26.03.2026 &#8212; Cu privire la organizarea \u0219i desf\u0103\u0219urarea campaniei de salubrizare \u0219i amenajare de prim\u0103var\u0103 \u00een ora\u0219ul F\u0103le\u0219ti, din cadrul bilunarului ecologic<\/strong><\/p>\n\n\n\n<figure class=\"wp-block-image size-large\"><img loading=\"lazy\" decoding=\"async\" width=\"724\" height=\"1024\" src=\"https:\/\/dpgcl.md\/wp-content\/uploads\/2026\/04\/image-724x1024.png\" alt=\"\" class=\"wp-image-1525\" srcset=\"https:\/\/dpgcl.md\/wp-content\/uploads\/2026\/04\/image-724x1024.png 724w, https:\/\/dpgcl.md\/wp-content\/uploads\/2026\/04\/image-212x300.png 212w, https:\/\/dpgcl.md\/wp-content\/uploads\/2026\/04\/image-768x1086.png 768w, https:\/\/dpgcl.md\/wp-content\/uploads\/2026\/04\/image-1086x1536.png 1086w, https:\/\/dpgcl.md\/wp-content\/uploads\/2026\/04\/image.png 1448w\" sizes=\"auto, (max-width: 724px) 100vw, 724px\" \/><\/figure>\n\n\n\n<figure class=\"wp-block-image size-large\"><img loading=\"lazy\" decoding=\"async\" width=\"724\" height=\"1024\" src=\"https:\/\/dpgcl.md\/wp-content\/uploads\/2026\/04\/image-1-724x1024.png\" alt=\"\" class=\"wp-image-1526\" srcset=\"https:\/\/dpgcl.md\/wp-content\/uploads\/2026\/04\/image-1-724x1024.png 724w, https:\/\/dpgcl.md\/wp-content\/uploads\/2026\/04\/image-1-212x300.png 212w, https:\/\/dpgcl.md\/wp-content\/uploads\/2026\/04\/image-1-768x1086.png 768w, https:\/\/dpgcl.md\/wp-content\/uploads\/2026\/04\/image-1-1086x1536.png 1086w, https:\/\/dpgcl.md\/wp-content\/uploads\/2026\/04\/image-1.png 1448w\" sizes=\"auto, (max-width: 724px) 100vw, 724px\" \/><\/figure>\n\n\n\n<figure class=\"wp-block-image size-full\"><img loading=\"lazy\" decoding=\"async\" width=\"564\" height=\"845\" src=\"https:\/\/dpgcl.md\/wp-content\/uploads\/2025\/12\/d79db3f6d55cadf164e6d1d4f1279388-1.jpg\" alt=\"\" class=\"wp-image-1497\" srcset=\"https:\/\/dpgcl.md\/wp-content\/uploads\/2025\/12\/d79db3f6d55cadf164e6d1d4f1279388-1.jpg 564w, https:\/\/dpgcl.md\/wp-content\/uploads\/2025\/12\/d79db3f6d55cadf164e6d1d4f1279388-1-200x300.jpg 200w\" sizes=\"auto, (max-width: 564px) 100vw, 564px\" \/><\/figure>\n\n\n\n<p class=\"has-very-light-gray-to-cyan-bluish-gray-gradient-background has-text-color has-background has-link-color has-medium-font-size wp-elements-851c66203b1bc282e238cf6d376c0938\" style=\"color:#770404\"><strong>A N U N \u021a                                                                                                                                                                                      <\/strong><\/p>\n\n\n\n<p class=\"has-very-light-gray-to-cyan-bluish-gray-gradient-background has-text-color has-background has-link-color has-medium-font-size wp-elements-8642723fc934eaf3f2ddc49e468de566\" style=\"color:#6a160e\"><strong>Prin prezenta \u00ce.M. \u201eDPGCL\u201d din or. F\u0103le\u015fti v\u0103 aduce la cuno\u015ftin\u0163\u0103 c\u0103 \u00een leg\u0103tur\u0103 cu efectuarea lucr\u0103rilor de mentenan\u021b\u0103 a conductei de apeduct \u0219i sp\u0103larea bazinului de ap\u0103 de la sta\u021bia de pompare Nr. 3,   v-a fi stopat\u0103 livrarea apei pentru 22.10.2025 de la ora 9.00 &#8212; 17.00.                                                                                                                                                                                                                           V\u0103 mul\u0163umim pentru \u00eentelegere!   Administra\u0163ia<\/strong><\/p>\n\n\n\n<p><\/p>\n\n\n\n<p class=\"has-nv-dark-bg-color has-neve-link-hover-color-background-color has-text-color has-background has-link-color wp-elements-cd99967dcd03970035862edf99e97950\"><strong>Informa\u021bii utile privind prestarea serviciilor de ap\u0103, canalizare, evacuarea de\u0219eurilor \u0219i amenajarea teritoriului.<\/strong><\/p>\n\n\n\n<div data-wp-interactive=\"core\/file\" class=\"wp-block-file\"><object data-wp-bind--hidden=\"!state.hasPdfPreview\" hidden class=\"wp-block-file__embed\" data=\"https:\/\/dpgcl.md\/wp-content\/uploads\/2025\/07\/hotarire-majorare-tarife-2025.pdf\" type=\"application\/pdf\" style=\"width:100%;height:600px\" aria-label=\"\u0412\u0441\u0442\u0430\u0432\u043a\u0430 hotar\u00eere majorare tarife 2025\"><\/object><a id=\"wp-block-file--media-a2e65b68-a2d5-43bc-87f9-bf6daada51fc\" href=\"https:\/\/dpgcl.md\/wp-content\/uploads\/2025\/07\/hotarire-majorare-tarife-2025.pdf\">hotar\u00eere majorare tarife 2025<\/a><a href=\"https:\/\/dpgcl.md\/wp-content\/uploads\/2025\/07\/hotarire-majorare-tarife-2025.pdf\" class=\"wp-block-file__button wp-element-button\" download aria-describedby=\"wp-block-file--media-a2e65b68-a2d5-43bc-87f9-bf6daada51fc\">\u0421\u043a\u0430\u0447\u0430\u0442\u044c<\/a><\/div>\n\n\n\n<div data-wp-interactive=\"core\/file\" class=\"wp-block-file\"><object data-wp-bind--hidden=\"!state.hasPdfPreview\" hidden class=\"wp-block-file__embed\" data=\"https:\/\/dpgcl.md\/wp-content\/uploads\/2025\/10\/tarife-auxiliare-1.pdf\" type=\"application\/pdf\" style=\"width:100%;height:600px\" aria-label=\"\u0412\u0441\u0442\u0430\u0432\u043a\u0430 tarife auxiliare\"><\/object><a id=\"wp-block-file--media-eff2a761-f823-4618-8f86-cfe7d6368636\" href=\"https:\/\/dpgcl.md\/wp-content\/uploads\/2025\/10\/tarife-auxiliare-1.pdf\">tarife auxiliare<\/a><a href=\"https:\/\/dpgcl.md\/wp-content\/uploads\/2025\/10\/tarife-auxiliare-1.pdf\" class=\"wp-block-file__button wp-element-button\" download aria-describedby=\"wp-block-file--media-eff2a761-f823-4618-8f86-cfe7d6368636\">\u0421\u043a\u0430\u0447\u0430\u0442\u044c<\/a><\/div>\n\n\n\n<p><\/p>\n","protected":false},"excerpt":{"rendered":"<p>ANUN\u021a IMPORTANT: Sistarea furniz\u0103rii apei Stima\u021bi consumatori, \u00centreprinderea Municipal\u0103&nbsp;\u201eDirec\u021bia de Produc\u021bie a Gospod\u0103riei Comunale \u0219i de Locuin\u021be\u201d&nbsp;din ora\u0219ul F\u0103le\u0219ti v\u0103 informeaz\u0103 c\u0103, din cauza unor lucr\u0103ri de repara\u021bie la \u021bevile centrale de apeduct, furnizarea apei va fi \u00eentrerupt\u0103. &nbsp; Zona afectat\u0103:&nbsp;Microraionul DaciaPerioada: 06.04.2026 \u2013 07.04.2026 V\u0103 recomand\u0103m s\u0103 v\u0103 asigura\u021bi rezervele necesare de ap\u0103. V\u0103&hellip;&nbsp;<a href=\"https:\/\/dpgcl.md\/?page_id=1169\" rel=\"bookmark\"><span class=\"screen-reader-text\">Nout\u0103\u021bi<\/span><\/a><\/p>\n","protected":false},"author":2,"featured_media":0,"parent":0,"menu_order":0,"comment_status":"closed","ping_status":"closed","template":"","meta":{"pagelayer_contact_templates":[],"_pagelayer_content":"","neve_meta_sidebar":"","neve_meta_container":"","neve_meta_enable_content_width":"","neve_meta_content_width":0,"neve_meta_title_alignment":"","neve_meta_author_avatar":"","neve_post_elements_order":"","neve_meta_disable_header":"","neve_meta_disable_footer":"","neve_meta_disable_title":"","footnotes":""},"folder":[],"class_list":["post-1169","page","type-page","status-publish","hentry"],"_links":{"self":[{"href":"https:\/\/dpgcl.md\/index.php?rest_route=\/wp\/v2\/pages\/1169","targetHints":{"allow":["GET"]}}],"collection":[{"href":"https:\/\/dpgcl.md\/index.php?rest_route=\/wp\/v2\/pages"}],"about":[{"href":"https:\/\/dpgcl.md\/index.php?rest_route=\/wp\/v2\/types\/page"}],"author":[{"embeddable":true,"href":"https:\/\/dpgcl.md\/index.php?rest_route=\/wp\/v2\/users\/2"}],"replies":[{"embeddable":true,"href":"https:\/\/dpgcl.md\/index.php?rest_route=%2Fwp%2Fv2%2Fcomments&post=1169"}],"version-history":[{"count":31,"href":"https:\/\/dpgcl.md\/index.php?rest_route=\/wp\/v2\/pages\/1169\/revisions"}],"predecessor-version":[{"id":1531,"href":"https:\/\/dpgcl.md\/index.php?rest_route=\/wp\/v2\/pages\/1169\/revisions\/1531"}],"wp:attachment":[{"href":"https:\/\/dpgcl.md\/index.php?rest_route=%2Fwp%2Fv2%2Fmedia&parent=1169"}],"wp:term":[{"taxonomy":"folder","embeddable":true,"href":"https:\/\/dpgcl.md\/index.php?rest_route=%2Fwp%2Fv2%2Ffolder&post=1169"}],"curies":[{"name":"wp","href":"https:\/\/api.w.org\/{rel}","templated":true}]}}