{"id":946,"date":"2025-07-27T11:17:52","date_gmt":"2025-07-27T08:17:52","guid":{"rendered":"https:\/\/demosites.io\/marketing-agency-gb\/?page_id=5"},"modified":"2025-08-14T15:47:45","modified_gmt":"2025-08-14T12:47:45","slug":"bcd31-home","status":"publish","type":"page","link":"https:\/\/dpgcl.md\/","title":{"rendered":"Acasa"},"content":{"rendered":"<div class=\"wpb-content-wrapper\"><p>[vc_row][vc_column][vc_column_text]<\/p>\n<p><br \/>\n<br \/>\n<\/p>\n<div class=\"wp-block-cover alignfull\" style=\"min-height:835px;aspect-ratio:unset;\"><p><img loading=\"lazy\" decoding=\"async\" width=\"1640\" height=\"922\" class=\"wp-block-cover__image-background wp-image-608 size-full\" alt=\"\" src=\"https:\/\/dpgcl.md\/wp-content\/uploads\/2024\/05\/neve-hero-2.png\" style=\"object-position:48% 54%\" data-object-fit=\"cover\" data-object-position=\"48% 54%\" srcset=\"https:\/\/dpgcl.md\/wp-content\/uploads\/2024\/05\/neve-hero-2.png 1640w, https:\/\/dpgcl.md\/wp-content\/uploads\/2024\/05\/neve-hero-2-300x169.png 300w\" sizes=\"auto, (max-width: 1640px) 100vw, 1640px\" \/><span aria-hidden=\"true\" class=\"wp-block-cover__background has-background-dim-0 has-background-dim\"><\/span><\/p>\n<div class=\"wp-block-cover__inner-container is-layout-flow wp-block-cover-is-layout-flow\">\n<div class=\"wp-block-columns are-vertically-aligned-center is-layout-flex wp-container-core-columns-is-layout-9d6595d7 wp-block-columns-is-layout-flex\">\n<div class=\"wp-block-column is-vertically-aligned-center is-layout-flow wp-block-column-is-layout-flow\" style=\"padding-right:var(--wp--preset--spacing--20);padding-left:var(--wp--preset--spacing--20);flex-basis:65%\">\n<div style=\"height:20px\" aria-hidden=\"true\" class=\"wp-block-spacer\"><\/div>\n\n\n<h1 class=\"wp-block-heading has-text-align-left has-nv-text-dark-bg-color has-text-color\">Asigur\u0103m fiabilitate \u0219i confort comunitar<\/h1>\n\n\n<p class=\"has-text-align-left has-nv-text-dark-bg-color has-text-color\" style=\"font-size:19px\">\u00ce.M. &#171;Direc\u021bia de Produc\u021bie a Gospod\u0103riei Comunale \u0219i de Locuin\u021be&#187; din or.F\u0103le\u0219ti are ca scop organizarea efectiv\u0103 a prest\u0103rii serviciilor comunale esen\u021biale pentru popula\u021bie \u0219i agen\u021bi economici: utilit\u0103\u021bi, gestionare de\u0219euri, infrastructur\u0103 durabil\u0103.<\/p>\n<p><\/div>\n\n\n<div class=\"wp-block-column is-vertically-aligned-center is-layout-flow wp-block-column-is-layout-flow\"><div class=\"wp-block-image\">\n<figure class=\"aligncenter size-full\"><img loading=\"lazy\" decoding=\"async\" width=\"342\" height=\"430\" src=\"https:\/\/dpgcl.md\/wp-content\/uploads\/2025\/07\/woman-1.png\" alt=\"\" class=\"wp-image-971\" srcset=\"https:\/\/dpgcl.md\/wp-content\/uploads\/2025\/07\/woman-1.png 342w, https:\/\/dpgcl.md\/wp-content\/uploads\/2025\/07\/woman-1-239x300.png 239w\" sizes=\"auto, (max-width: 342px) 100vw, 342px\" \/><\/figure><\/div><\/div>\n<p><\/div>\n<p><\/div>\n<\/div>\n\n\n<div class=\"wp-block-group\" style=\"padding-top:var(--wp--preset--spacing--20);padding-right:0;padding-bottom:var(--wp--preset--spacing--20);padding-left:0\"><div class=\"wp-block-group__inner-container is-layout-constrained wp-container-core-group-is-layout-c2a26cda wp-block-group-is-layout-constrained\">\n<div class=\"wp-block-columns is-layout-flex wp-container-core-columns-is-layout-9d6595d7 wp-block-columns-is-layout-flex\">\n<div class=\"wp-block-column neve-duotone is-layout-flow wp-block-column-is-layout-flow\" style=\"padding-right:var(--wp--preset--spacing--30);padding-left:var(--wp--preset--spacing--30)\"><div class=\"wp-block-image icon-style is-style-default wp-duotone-unset-1\">\n<figure class=\"aligncenter size-full is-resized has-custom-border\"><img loading=\"lazy\" decoding=\"async\" width=\"512\" height=\"512\" src=\"https:\/\/dpgcl.md\/wp-content\/uploads\/2025\/07\/anunturi.png\" alt=\"\" class=\"wp-image-980\" style=\"border-radius:0px;width:70px\" title=\"\" srcset=\"https:\/\/dpgcl.md\/wp-content\/uploads\/2025\/07\/anunturi.png 512w, https:\/\/dpgcl.md\/wp-content\/uploads\/2025\/07\/anunturi-300x300.png 300w, https:\/\/dpgcl.md\/wp-content\/uploads\/2025\/07\/anunturi-150x150.png 150w\" sizes=\"auto, (max-width: 512px) 100vw, 512px\" \/><\/figure><\/div>\n\n<div style=\"height:10px\" aria-hidden=\"true\" class=\"wp-block-spacer\"><\/div>\n\n\n<h3 class=\"wp-block-heading has-text-align-center has-neve-text-color-color has-text-color\">Anun\u021buri<\/h3>\n<p><\/div>\n\n\n<div class=\"wp-block-column is-layout-flow wp-block-column-is-layout-flow\" style=\"padding-right:var(--wp--preset--spacing--30);padding-left:var(--wp--preset--spacing--30)\"><div class=\"wp-block-image icon-style is-style-default wp-duotone-unset-2\">\n<figure class=\"aligncenter size-full is-resized has-custom-border\"><img loading=\"lazy\" decoding=\"async\" width=\"512\" height=\"512\" src=\"https:\/\/dpgcl.md\/wp-content\/uploads\/2025\/07\/tarife.png\" alt=\"\" class=\"wp-image-983\" style=\"border-radius:0px;width:70px\" title=\"\" srcset=\"https:\/\/dpgcl.md\/wp-content\/uploads\/2025\/07\/tarife.png 512w, https:\/\/dpgcl.md\/wp-content\/uploads\/2025\/07\/tarife-300x300.png 300w, https:\/\/dpgcl.md\/wp-content\/uploads\/2025\/07\/tarife-150x150.png 150w\" sizes=\"auto, (max-width: 512px) 100vw, 512px\" \/><\/figure><\/div>\n\n<div style=\"height:10px\" aria-hidden=\"true\" class=\"wp-block-spacer\"><\/div>\n\n\n<h3 class=\"wp-block-heading has-text-align-center has-neve-text-color-color has-text-color\">Tarife<\/h3>\n<p><\/div>\n\n\n<div class=\"wp-block-column is-layout-flow wp-block-column-is-layout-flow\" style=\"padding-right:var(--wp--preset--spacing--30);padding-left:var(--wp--preset--spacing--30)\"><div class=\"wp-block-image icon-style is-style-default wp-duotone-unset-3\">\n<figure class=\"aligncenter size-full is-resized has-custom-border\"><img loading=\"lazy\" decoding=\"async\" width=\"512\" height=\"512\" src=\"https:\/\/dpgcl.md\/wp-content\/uploads\/2025\/07\/legi.png\" alt=\"\" class=\"wp-image-982\" style=\"border-radius:0px;width:70px\" title=\"\" srcset=\"https:\/\/dpgcl.md\/wp-content\/uploads\/2025\/07\/legi.png 512w, https:\/\/dpgcl.md\/wp-content\/uploads\/2025\/07\/legi-300x300.png 300w, https:\/\/dpgcl.md\/wp-content\/uploads\/2025\/07\/legi-150x150.png 150w\" sizes=\"auto, (max-width: 512px) 100vw, 512px\" \/><\/figure><\/div>\n\n<div style=\"height:10px\" aria-hidden=\"true\" class=\"wp-block-spacer\"><\/div>\n\n\n<h3 class=\"wp-block-heading has-text-align-center has-neve-text-color-color has-text-color\">Legi<\/h3>\n<p><\/div>\n\n\n<div class=\"wp-block-column is-layout-flow wp-block-column-is-layout-flow\" style=\"padding-right:var(--wp--preset--spacing--30);padding-left:var(--wp--preset--spacing--30)\"><div class=\"wp-block-image icon-style is-style-default\">\n<figure class=\"aligncenter size-full is-resized has-custom-border\"><img loading=\"lazy\" decoding=\"async\" width=\"512\" height=\"512\" src=\"https:\/\/dpgcl.md\/wp-content\/uploads\/2025\/07\/documente.png\" alt=\"\" class=\"wp-image-981\" style=\"border-radius:0px;width:70px\" title=\"\" srcset=\"https:\/\/dpgcl.md\/wp-content\/uploads\/2025\/07\/documente.png 512w, https:\/\/dpgcl.md\/wp-content\/uploads\/2025\/07\/documente-300x300.png 300w, https:\/\/dpgcl.md\/wp-content\/uploads\/2025\/07\/documente-150x150.png 150w\" sizes=\"auto, (max-width: 512px) 100vw, 512px\" \/><\/figure><\/div>\n\n<div style=\"height:10px\" aria-hidden=\"true\" class=\"wp-block-spacer\"><\/div>\n\n\n<h3 class=\"wp-block-heading has-text-align-center has-neve-text-color-color has-text-color\">Documente<\/h3>\n<p><\/div>\n\n\n<div class=\"wp-block-column is-layout-flow wp-block-column-is-layout-flow\" style=\"padding-right:var(--wp--preset--spacing--30);padding-left:var(--wp--preset--spacing--30)\"><div class=\"wp-block-image icon-style is-style-default wp-duotone-unset-4\">\n<figure class=\"aligncenter size-full is-resized has-custom-border\"><img loading=\"lazy\" decoding=\"async\" width=\"512\" height=\"512\" src=\"https:\/\/dpgcl.md\/wp-content\/uploads\/2025\/07\/Cereri.png\" alt=\"\" class=\"wp-image-984\" style=\"border-radius:0px;width:65px;height:auto\" title=\"\" srcset=\"https:\/\/dpgcl.md\/wp-content\/uploads\/2025\/07\/Cereri.png 512w, https:\/\/dpgcl.md\/wp-content\/uploads\/2025\/07\/Cereri-300x300.png 300w, https:\/\/dpgcl.md\/wp-content\/uploads\/2025\/07\/Cereri-150x150.png 150w\" sizes=\"auto, (max-width: 512px) 100vw, 512px\" \/><\/figure><\/div>\n\n<div style=\"height:10px\" aria-hidden=\"true\" class=\"wp-block-spacer\"><\/div>\n\n\n<h3 class=\"wp-block-heading has-text-align-center has-neve-text-color-color has-text-color\">Cereri<\/h3>\n<p><\/div>\n\n\n<div class=\"wp-block-column is-layout-flow wp-block-column-is-layout-flow\" style=\"padding-right:var(--wp--preset--spacing--30);padding-left:var(--wp--preset--spacing--30)\"><div class=\"wp-block-image icon-style is-style-default wp-duotone-unset-5\">\n<figure class=\"aligncenter size-full is-resized has-custom-border\"><img loading=\"lazy\" decoding=\"async\" width=\"512\" height=\"512\" src=\"https:\/\/dpgcl.md\/wp-content\/uploads\/2025\/07\/contracte-1.png\" alt=\"\" class=\"wp-image-987\" style=\"border-radius:0px;width:69px;height:auto\" title=\"\" srcset=\"https:\/\/dpgcl.md\/wp-content\/uploads\/2025\/07\/contracte-1.png 512w, https:\/\/dpgcl.md\/wp-content\/uploads\/2025\/07\/contracte-1-300x300.png 300w, https:\/\/dpgcl.md\/wp-content\/uploads\/2025\/07\/contracte-1-150x150.png 150w\" sizes=\"auto, (max-width: 512px) 100vw, 512px\" \/><\/figure><\/div>\n\n<div style=\"height:10px\" aria-hidden=\"true\" class=\"wp-block-spacer\"><\/div>\n\n\n<h3 class=\"wp-block-heading has-text-align-center has-neve-text-color-color has-text-color\">Contracte<\/h3>\n<p><\/div>\n<p><\/div>\n<p><\/div><\/div>\n\n\n<div class=\"wp-block-cover alignfull has-neve-text-color-color has-text-color has-link-color wp-elements-db458c1fd61e8d57552e54e0ef5fa13a\" style=\"padding-top:var(--wp--preset--spacing--80);padding-bottom:var(--wp--preset--spacing--80);min-height:366px;aspect-ratio:unset;\"><p><span aria-hidden=\"true\" class=\"wp-block-cover__background has-nv-light-bg-background-color has-background-dim-80 has-background-dim\"><\/span><\/p>\n<div class=\"wp-block-cover__inner-container is-layout-flow wp-block-cover-is-layout-flow\">\n<div class=\"wp-block-group\"><div class=\"wp-block-group__inner-container is-layout-flow wp-block-group-is-layout-flow\">\n<div class=\"wp-block-columns is-layout-flex wp-container-core-columns-is-layout-9d6595d7 wp-block-columns-is-layout-flex\">\n<div class=\"wp-block-column is-layout-flow wp-block-column-is-layout-flow\" style=\"flex-basis:100%\">\n<div class=\"wp-block-group is-vertical is-content-justification-center is-layout-flex wp-container-core-group-is-layout-4b2eccd6 wp-block-group-is-layout-flex\">\n<h2 class=\"wp-block-heading has-text-align-center has-neve-text-color-color has-text-color has-link-color wp-elements-33f2a70ee7d6662f711bfb8c553789d2\">Realiz\u0103ri remarcabile<\/h2>\n\n\n<p class=\"has-text-align-center has-neve-text-color-color has-text-color has-link-color wp-elements-a6ff9d24f11fb409bf6b4be2a3b56905\">De la proiecte de infrastructur\u0103 durabil\u0103 \u0219i modernizarea serviciilor de utilit\u0103\u021bi la transformarea spa\u021biilor urbane din or. F\u0103le\u0219ti, \u00ce.M. &#171;DPGCL&#187; sprijin\u0103 prosperitatea \u0219i confortul locuitorilor la un nivel superior, organiz\u00e2nd eficient prestarea serviciilor comunale esen\u021biale \u0219i \u00eembun\u0103t\u0103\u021bind calitatea vie\u021bii comunit\u0103\u021bilor.<\/p>\n<p><\/div>\n<p><\/div>\n<p><\/div>\n<p><\/div><\/div>\n<p><\/div>\n<\/div>\n\n\n<div class=\"wp-block-cover alignfull has-nv-text-dark-bg-color has-text-color has-link-color has-medium-font-size wp-elements-683aee4107c4e51cb7f3606885087baf\" style=\"padding-top:0;padding-right:var(--wp--preset--spacing--30);padding-bottom:0;padding-left:var(--wp--preset--spacing--30);min-height:701px;aspect-ratio:unset;\"><p><span aria-hidden=\"true\" class=\"wp-block-cover__background has-nv-dark-bg-background-color has-background-dim-100 has-background-dim\"><\/span><\/p>\n<div class=\"wp-block-cover__inner-container is-layout-flow wp-block-cover-is-layout-flow\">\n<figure class=\"wp-block-gallery has-nested-images columns-default is-cropped wp-block-gallery-6 is-layout-flex wp-block-gallery-is-layout-flex\"><\/p>\n<figure class=\"wp-block-image size-large\"><img loading=\"lazy\" decoding=\"async\" width=\"1024\" height=\"724\" data-id=\"1180\" src=\"https:\/\/dpgcl.md\/wp-content\/uploads\/2025\/07\/apa-blog-1024x724.webp\" alt=\"\" class=\"wp-image-1180\" srcset=\"https:\/\/dpgcl.md\/wp-content\/uploads\/2025\/07\/apa-blog-1024x724.webp 1024w, https:\/\/dpgcl.md\/wp-content\/uploads\/2025\/07\/apa-blog-300x212.webp 300w, https:\/\/dpgcl.md\/wp-content\/uploads\/2025\/07\/apa-blog-768x543.webp 768w, https:\/\/dpgcl.md\/wp-content\/uploads\/2025\/07\/apa-blog-1536x1086.webp 1536w, https:\/\/dpgcl.md\/wp-content\/uploads\/2025\/07\/apa-blog.webp 1754w\" sizes=\"auto, (max-width: 1024px) 100vw, 1024px\" \/><\/figure>\n\n\n<figure class=\"wp-block-image size-large\"><img loading=\"lazy\" decoding=\"async\" width=\"1024\" height=\"768\" data-id=\"1259\" src=\"https:\/\/dpgcl.md\/wp-content\/uploads\/2025\/07\/242769595_1714582562070933_6932078650203447918_n-1024x768.jpg\" alt=\"\" class=\"wp-image-1259\" srcset=\"https:\/\/dpgcl.md\/wp-content\/uploads\/2025\/07\/242769595_1714582562070933_6932078650203447918_n-1024x768.jpg 1024w, https:\/\/dpgcl.md\/wp-content\/uploads\/2025\/07\/242769595_1714582562070933_6932078650203447918_n-300x225.jpg 300w, https:\/\/dpgcl.md\/wp-content\/uploads\/2025\/07\/242769595_1714582562070933_6932078650203447918_n-768x576.jpg 768w, https:\/\/dpgcl.md\/wp-content\/uploads\/2025\/07\/242769595_1714582562070933_6932078650203447918_n-1536x1152.jpg 1536w, https:\/\/dpgcl.md\/wp-content\/uploads\/2025\/07\/242769595_1714582562070933_6932078650203447918_n.jpg 2048w\" sizes=\"auto, (max-width: 1024px) 100vw, 1024px\" \/><\/figure>\n\n\n<figure class=\"wp-block-image size-large\"><img loading=\"lazy\" decoding=\"async\" width=\"1024\" height=\"768\" data-id=\"1258\" src=\"https:\/\/dpgcl.md\/wp-content\/uploads\/2025\/07\/242822741_1714581685404354_4026436017741989233_n-1024x768.jpg\" alt=\"\" class=\"wp-image-1258\" srcset=\"https:\/\/dpgcl.md\/wp-content\/uploads\/2025\/07\/242822741_1714581685404354_4026436017741989233_n-1024x768.jpg 1024w, https:\/\/dpgcl.md\/wp-content\/uploads\/2025\/07\/242822741_1714581685404354_4026436017741989233_n-300x225.jpg 300w, https:\/\/dpgcl.md\/wp-content\/uploads\/2025\/07\/242822741_1714581685404354_4026436017741989233_n-768x576.jpg 768w, https:\/\/dpgcl.md\/wp-content\/uploads\/2025\/07\/242822741_1714581685404354_4026436017741989233_n-1536x1152.jpg 1536w, https:\/\/dpgcl.md\/wp-content\/uploads\/2025\/07\/242822741_1714581685404354_4026436017741989233_n.jpg 2048w\" sizes=\"auto, (max-width: 1024px) 100vw, 1024px\" \/><\/figure>\n\n\n<figure class=\"wp-block-image size-large\"><img loading=\"lazy\" decoding=\"async\" width=\"1200\" height=\"900\" data-id=\"1365\" src=\"https:\/\/dpgcl.md\/wp-content\/uploads\/2025\/08\/510661972_1482127872800430_6730087677375150186_n-edited.jpg\" alt=\"\" class=\"wp-image-1365\" srcset=\"https:\/\/dpgcl.md\/wp-content\/uploads\/2025\/08\/510661972_1482127872800430_6730087677375150186_n-edited.jpg 1200w, https:\/\/dpgcl.md\/wp-content\/uploads\/2025\/08\/510661972_1482127872800430_6730087677375150186_n-edited-300x225.jpg 300w, https:\/\/dpgcl.md\/wp-content\/uploads\/2025\/08\/510661972_1482127872800430_6730087677375150186_n-edited-1024x768.jpg 1024w, https:\/\/dpgcl.md\/wp-content\/uploads\/2025\/08\/510661972_1482127872800430_6730087677375150186_n-edited-768x576.jpg 768w\" sizes=\"auto, (max-width: 1200px) 100vw, 1200px\" \/><\/figure>\n\n\n<figure class=\"wp-block-image size-large\"><img loading=\"lazy\" decoding=\"async\" width=\"1024\" height=\"768\" data-id=\"1257\" src=\"https:\/\/dpgcl.md\/wp-content\/uploads\/2025\/07\/242789823_1714582402070949_1252553214289477838_n-1024x768.jpg\" alt=\"\" class=\"wp-image-1257\" srcset=\"https:\/\/dpgcl.md\/wp-content\/uploads\/2025\/07\/242789823_1714582402070949_1252553214289477838_n-1024x768.jpg 1024w, https:\/\/dpgcl.md\/wp-content\/uploads\/2025\/07\/242789823_1714582402070949_1252553214289477838_n-300x225.jpg 300w, https:\/\/dpgcl.md\/wp-content\/uploads\/2025\/07\/242789823_1714582402070949_1252553214289477838_n-768x576.jpg 768w, https:\/\/dpgcl.md\/wp-content\/uploads\/2025\/07\/242789823_1714582402070949_1252553214289477838_n-1536x1152.jpg 1536w, https:\/\/dpgcl.md\/wp-content\/uploads\/2025\/07\/242789823_1714582402070949_1252553214289477838_n.jpg 2048w\" sizes=\"auto, (max-width: 1024px) 100vw, 1024px\" \/><\/figure>\n\n\n<figure class=\"wp-block-image size-large\"><img loading=\"lazy\" decoding=\"async\" width=\"1024\" height=\"801\" data-id=\"1262\" src=\"https:\/\/dpgcl.md\/wp-content\/uploads\/2025\/07\/242705122_1714582012070988_4755510682077685699_n-1024x801.jpg\" alt=\"\" class=\"wp-image-1262\" srcset=\"https:\/\/dpgcl.md\/wp-content\/uploads\/2025\/07\/242705122_1714582012070988_4755510682077685699_n-1024x801.jpg 1024w, https:\/\/dpgcl.md\/wp-content\/uploads\/2025\/07\/242705122_1714582012070988_4755510682077685699_n-300x235.jpg 300w, https:\/\/dpgcl.md\/wp-content\/uploads\/2025\/07\/242705122_1714582012070988_4755510682077685699_n-768x600.jpg 768w, https:\/\/dpgcl.md\/wp-content\/uploads\/2025\/07\/242705122_1714582012070988_4755510682077685699_n-1536x1201.jpg 1536w, https:\/\/dpgcl.md\/wp-content\/uploads\/2025\/07\/242705122_1714582012070988_4755510682077685699_n.jpg 2048w\" sizes=\"auto, (max-width: 1024px) 100vw, 1024px\" \/><\/figure>\n<p><\/figure>\n\n\n<div style=\"height:0px\" aria-hidden=\"true\" class=\"wp-block-spacer\"><\/div>\n<p><\/div>\n<\/div>\n\n\n<h2 class=\"wp-block-heading has-text-align-center has-neve-text-color-color has-text-color has-link-color wp-elements-8eaae1af9a2ab47e2771c58c9159c652\">Evenimente<\/h2>\n\n\n<div class=\"wp-block-cover alignfull\" style=\"padding-top:0;padding-bottom:0;min-height:600px;aspect-ratio:unset;\"><p><span aria-hidden=\"true\" class=\"wp-block-cover__background has-nv-site-bg-background-color has-background-dim-100 has-background-dim\"><\/span><\/p>\n<div class=\"wp-block-cover__inner-container is-layout-flow wp-block-cover-is-layout-flow\">\n<div class=\"wp-block-group\"><div class=\"wp-block-group__inner-container is-layout-flow wp-block-group-is-layout-flow\">\n<div class=\"wp-block-columns are-vertically-aligned-center is-layout-flex wp-container-core-columns-is-layout-9d6595d7 wp-block-columns-is-layout-flex\">\n<div class=\"wp-block-column is-vertically-aligned-center is-layout-flow wp-block-column-is-layout-flow\" style=\"padding-right:var(--wp--preset--spacing--30);padding-left:var(--wp--preset--spacing--30);flex-basis:50%\">\n<figure class=\"wp-block-image size-full has-custom-border is-style-default\"><img loading=\"lazy\" decoding=\"async\" width=\"2048\" height=\"1364\" src=\"https:\/\/dpgcl.md\/wp-content\/uploads\/2025\/07\/1.jpg\" alt=\"\" class=\"wp-image-1006\" style=\"border-radius:16px\" srcset=\"https:\/\/dpgcl.md\/wp-content\/uploads\/2025\/07\/1.jpg 2048w, https:\/\/dpgcl.md\/wp-content\/uploads\/2025\/07\/1-300x200.jpg 300w, https:\/\/dpgcl.md\/wp-content\/uploads\/2025\/07\/1-1024x682.jpg 1024w, https:\/\/dpgcl.md\/wp-content\/uploads\/2025\/07\/1-768x512.jpg 768w, https:\/\/dpgcl.md\/wp-content\/uploads\/2025\/07\/1-1536x1023.jpg 1536w, https:\/\/dpgcl.md\/wp-content\/uploads\/2025\/07\/1-930x620.jpg 930w\" sizes=\"auto, (max-width: 2048px) 100vw, 2048px\" \/><\/figure>\n<p><\/div>\n\n\n<div class=\"wp-block-column is-vertically-aligned-center is-layout-flow wp-block-column-is-layout-flow\" style=\"padding-right:var(--wp--preset--spacing--30);padding-left:var(--wp--preset--spacing--30);flex-basis:50%\">\n<div style=\"height:20px\" aria-hidden=\"true\" class=\"wp-block-spacer\"><\/div>\n\n\n<h2 class=\"wp-block-heading has-text-align-left has-neve-text-color-color has-text-color\">Ziua Lucr\u0103torului din Gospod\u0103ria de Locuin\u0163e \u015fi Deservire Comunal\u0103<\/h2>\n\n\n<p class=\"has-text-align-left has-neve-text-color-color has-text-color\" style=\"font-size:17px\">La 25 aprilie 2025, \u00ce.M. &#171;DPGCL&#187; or. F\u0103le\u0219ti a s\u0103rb\u0103torit Ziua Lucr\u0103torului din Gospod\u0103ria de Locuin\u021be \u0219i Deservire Comunal\u0103 cu o activitate de totalizare a muncii, condus\u0103 de administra\u021bie. Primarul Alexandr Severin a felicitat angaja\u021bii, eviden\u021biind aportul lor esen\u021bial la confortul \u0219i ordinea din F\u0103le\u0219ti, premiind lucr\u0103torii longevivi \u0219i activi. Evenimentul a subliniat dedicarea echipei pentru un mediu mai bun.<\/p>\n\n\n<div class=\"wp-block-buttons has-custom-font-size has-small-font-size is-content-justification-left is-layout-flex wp-container-core-buttons-is-layout-fdcfc74e wp-block-buttons-is-layout-flex\">\n<div class=\"wp-block-button is-style-default\"><a class=\"wp-block-button__link has-nv-text-dark-bg-color has-neve-link-color-background-color has-text-color has-background has-link-color has-custom-font-size wp-element-button\" href=\"https:\/\/dpgcl.md\/portfolio-single\/\" style=\"font-size:16px\">Afl\u0103 mai multe <\/a><\/div>\n<p><\/div>\n<p><\/div>\n<p><\/div>\n<p><\/div><\/div>\n<p><\/div>\n<\/div>\n\n\n<div class=\"wp-block-cover alignfull\" style=\"padding-top:var(--wp--preset--spacing--80);padding-bottom:var(--wp--preset--spacing--80);min-height:711px;aspect-ratio:unset;\"><p><span aria-hidden=\"true\" class=\"wp-block-cover__background has-neve-link-color-background-color has-background-dim-100 has-background-dim\"><\/span><\/p>\n<div class=\"wp-block-cover__inner-container is-layout-flow wp-block-cover-is-layout-flow\">\n<div class=\"wp-block-columns are-vertically-aligned-center is-layout-flex wp-container-core-columns-is-layout-9d6595d7 wp-block-columns-is-layout-flex\">\n<div class=\"wp-block-column is-vertically-aligned-center is-layout-flow wp-block-column-is-layout-flow\" style=\"flex-basis:60%\">\n<div class=\"wp-block-group\"><div class=\"wp-block-group__inner-container is-layout-constrained wp-block-group-is-layout-constrained\">\n<h2 class=\"wp-block-heading alignwide has-text-align-center has-nv-text-dark-bg-color has-text-color has-large-font-size\"><\/h2>\n<p><\/div><\/div>\n<p><\/div>\n<p><\/div>\n\n\n<h2 class=\"wp-block-heading has-text-align-center\">Fondator al \u00ce.M. \u201eDPGCL\u201d din or. F\u0103le\u0219ti este Consiliul Local F\u0103le\u0219ti, cu sediul \u00een ora\u0219ul F\u0103le\u0219ti, str. \u0218tefan cel Mare nr. 73<\/h2>\n\n\n<figure class=\"wp-block-image alignwide size-full\"><img loading=\"lazy\" decoding=\"async\" width=\"1024\" height=\"250\" src=\"https:\/\/dpgcl.md\/wp-content\/uploads\/2025\/08\/image.png\" alt=\"\" class=\"wp-image-1278\" srcset=\"https:\/\/dpgcl.md\/wp-content\/uploads\/2025\/08\/image.png 1024w, https:\/\/dpgcl.md\/wp-content\/uploads\/2025\/08\/image-300x73.png 300w, https:\/\/dpgcl.md\/wp-content\/uploads\/2025\/08\/image-768x188.png 768w\" sizes=\"auto, (max-width: 1024px) 100vw, 1024px\" \/><\/figure>\n\n\n<h2 class=\"wp-block-heading\"><\/h2>\n\n\n<div class=\"wp-block-buttons is-horizontal is-content-justification-center is-layout-flex wp-container-core-buttons-is-layout-499968f5 wp-block-buttons-is-layout-flex\">\n<div class=\"wp-block-button is-style-primary\"><a class=\"wp-block-button__link has-neve-link-color-color has-text-color has-background has-link-color wp-element-button\" href=\"https:\/\/falesti.md\/index.php\/dpgcl\" style=\"background-color:#ffffff\" target=\"_blank\" rel=\"noreferrer noopener\">Afl\u0103 mai mult<\/a><\/div>\n<p><\/div>\n<p><\/div>\n<\/div>\n\n\n<p><br \/>\n<br \/>\n[\/vc_column_text][\/vc_column][\/vc_row]<\/p>\n<\/div>","protected":false},"excerpt":{"rendered":"<p>[vc_row][vc_column][vc_column_text] [\/vc_column_text][\/vc_column][\/vc_row]<\/p>\n","protected":false},"author":1,"featured_media":0,"parent":0,"menu_order":0,"comment_status":"closed","ping_status":"closed","template":"","meta":{"pagelayer_contact_templates":[],"_pagelayer_content":"","neve_meta_sidebar":"","neve_meta_container":"","neve_meta_enable_content_width":"on","neve_meta_content_width":100,"neve_meta_title_alignment":"","neve_meta_author_avatar":"","neve_post_elements_order":"","neve_meta_disable_header":"","neve_meta_disable_footer":"","neve_meta_disable_title":"on","footnotes":""},"folder":[],"class_list":["post-946","page","type-page","status-publish","hentry"],"_links":{"self":[{"href":"https:\/\/dpgcl.md\/index.php?rest_route=\/wp\/v2\/pages\/946","targetHints":{"allow":["GET"]}}],"collection":[{"href":"https:\/\/dpgcl.md\/index.php?rest_route=\/wp\/v2\/pages"}],"about":[{"href":"https:\/\/dpgcl.md\/index.php?rest_route=\/wp\/v2\/types\/page"}],"author":[{"embeddable":true,"href":"https:\/\/dpgcl.md\/index.php?rest_route=\/wp\/v2\/users\/1"}],"replies":[{"embeddable":true,"href":"https:\/\/dpgcl.md\/index.php?rest_route=%2Fwp%2Fv2%2Fcomments&post=946"}],"version-history":[{"count":58,"href":"https:\/\/dpgcl.md\/index.php?rest_route=\/wp\/v2\/pages\/946\/revisions"}],"predecessor-version":[{"id":1451,"href":"https:\/\/dpgcl.md\/index.php?rest_route=\/wp\/v2\/pages\/946\/revisions\/1451"}],"wp:attachment":[{"href":"https:\/\/dpgcl.md\/index.php?rest_route=%2Fwp%2Fv2%2Fmedia&parent=946"}],"wp:term":[{"taxonomy":"folder","embeddable":true,"href":"https:\/\/dpgcl.md\/index.php?rest_route=%2Fwp%2Fv2%2Ffolder&post=946"}],"curies":[{"name":"wp","href":"https:\/\/api.w.org\/{rel}","templated":true}]}}