{"id":948,"date":"2024-11-11T08:40:55","date_gmt":"2024-11-11T08:40:55","guid":{"rendered":"https:\/\/demosites.io\/marketing-agency-gb\/?page_id=948"},"modified":"2025-08-14T16:32:07","modified_gmt":"2025-08-14T13:32:07","slug":"bcd31-maintenance-plans","status":"publish","type":"page","link":"https:\/\/dpgcl.md\/?page_id=948","title":{"rendered":"Acte Legislative"},"content":{"rendered":"\n<p class=\"has-vivid-cyan-blue-to-vivid-purple-gradient-background has-background has-x-large-font-size\"><strong>Regulamente:<\/strong><\/p>\n\n\n\n<p class=\"has-text-align-left has-very-light-gray-to-cyan-bluish-gray-gradient-background has-background has-medium-font-size\"><strong>Regulamentul privind cerin\u021bele de colectare, epurare \u0219i deversare a apelor uzate \u00een sistemul de canalizare \u0219i\/sau \u00een corpuri de ap\u0103 pentru localit\u0103\u021bile urbane \u0219i rurale, aprobat prin Hot\u0103r\u00eerea Guvernului nr.950\/2104<\/strong>. <a href=\"https:\/\/www.legis.md\/cautare\/getResults?doc_id=144939&amp;lang=ro#\">https:\/\/www.legis.md\/cautare\/getResults?doc_id=144939&amp;lang=ro#<\/a><\/p>\n\n\n\n<div data-wp-interactive=\"core\/file\" class=\"wp-block-file\"><object data-wp-bind--hidden=\"!state.hasPdfPreview\" hidden class=\"wp-block-file__embed\" data=\"https:\/\/dpgcl.md\/wp-content\/uploads\/2025\/08\/regulament.pdf\" type=\"application\/pdf\" style=\"width:100%;height:510px\" aria-label=\"\u0412\u0441\u0442\u0430\u0432\u043a\u0430 regulament\"><\/object><a id=\"wp-block-file--media-e070f99f-a8e5-44e2-9f9a-dbdfe36f2415\" href=\"https:\/\/dpgcl.md\/wp-content\/uploads\/2025\/08\/regulament.pdf\">regulament<\/a><a href=\"https:\/\/dpgcl.md\/wp-content\/uploads\/2025\/08\/regulament.pdf\" class=\"wp-block-file__button wp-element-button\" download aria-describedby=\"wp-block-file--media-e070f99f-a8e5-44e2-9f9a-dbdfe36f2415\">\u0421\u043a\u0430\u0447\u0430\u0442\u044c<\/a><\/div>\n\n\n\n<p class=\"has-very-light-gray-to-cyan-bluish-gray-gradient-background has-background has-medium-font-size\"><strong>Regulamentul-cadru de organizare \u0219i func\u021bionare a serviciului public de alimentare cu ap\u0103 \u0219i de canalizare, aprobat prin Hot\u0103r\u00eerea Consiliului de Administra\u021bie al ANRE nr.319\/2025.<\/strong><\/p>\n\n\n\n<div data-wp-interactive=\"core\/file\" class=\"wp-block-file\"><object data-wp-bind--hidden=\"!state.hasPdfPreview\" hidden class=\"wp-block-file__embed\" data=\"https:\/\/dpgcl.md\/wp-content\/uploads\/2025\/08\/HCA-nr.-319-din-13.06.2025.pdf\" type=\"application\/pdf\" style=\"width:100%;height:600px\" aria-label=\"\u0412\u0441\u0442\u0430\u0432\u043a\u0430 HCA-nr.-319-din-13.06.2025\"><\/object><a id=\"wp-block-file--media-e96fed1a-f098-417f-bef8-765e3c7c615c\" href=\"https:\/\/dpgcl.md\/wp-content\/uploads\/2025\/08\/HCA-nr.-319-din-13.06.2025.pdf\">HCA-nr.-319-din-13.06.2025<\/a><a href=\"https:\/\/dpgcl.md\/wp-content\/uploads\/2025\/08\/HCA-nr.-319-din-13.06.2025.pdf\" class=\"wp-block-file__button wp-element-button\" download aria-describedby=\"wp-block-file--media-e96fed1a-f098-417f-bef8-765e3c7c615c\">\u0421\u043a\u0430\u0447\u0430\u0442\u044c<\/a><\/div>\n\n\n\n<p class=\"has-very-light-gray-to-cyan-bluish-gray-gradient-background has-background\"><strong>Regulamentul-cadru cu privire la indicatorii de performan\u021b\u0103 ai serviciului public de  alimentare cu ap\u0103 \u0219i de canalizare, aprobat prin Hot\u0103r\u00eerea Consiliului de Administra\u021bie al ANRE nr.249 \/2025<\/strong> <a href=\"https:\/\/anre.md\/storage\/upload\/administration\/hcareports\/4108\/HCA%20nr.%20249%20din%2023.05.2025.pdf\">https:\/\/anre.md\/storage\/upload\/administration\/hcareports\/4108\/HCA%20nr.%20249%20din%2023.05.2025.pdf<\/a><\/p>\n\n\n\n<div data-wp-interactive=\"core\/file\" class=\"wp-block-file\"><object data-wp-bind--hidden=\"!state.hasPdfPreview\" hidden class=\"wp-block-file__embed\" data=\"https:\/\/dpgcl.md\/wp-content\/uploads\/2025\/08\/HCA-nr.-249-din-23.05.2025-1.pdf\" type=\"application\/pdf\" style=\"width:100%;height:600px\" aria-label=\"\u0412\u0441\u0442\u0430\u0432\u043a\u0430 HCA nr. 249 din 23.05.2025 (1)\"><\/object><a id=\"wp-block-file--media-b143e22b-0535-4ecd-813d-180d3f954209\" href=\"https:\/\/dpgcl.md\/wp-content\/uploads\/2025\/08\/HCA-nr.-249-din-23.05.2025-1.pdf\">HCA nr. 249 din 23.05.2025 (1)<\/a><a href=\"https:\/\/dpgcl.md\/wp-content\/uploads\/2025\/08\/HCA-nr.-249-din-23.05.2025-1.pdf\" class=\"wp-block-file__button wp-element-button\" download aria-describedby=\"wp-block-file--media-b143e22b-0535-4ecd-813d-180d3f954209\">\u0421\u043a\u0430\u0447\u0430\u0442\u044c<\/a><\/div>\n\n\n\n<p class=\"has-very-light-gray-to-cyan-bluish-gray-gradient-background has-background\"><strong>Regulamentul privind principiile de efectuare a investi\u021biilor \u00een sectorul de alimentare cu ap\u0103 \u0219i de canalizare, aprobat prin Hot\u0103r\u00eerea Consiliului de Administra\u021bie al ANRE nr.169\/2025.<\/strong><a href=\"https:\/\/www.legis.md\/cautare\/getResults?doc_id=148195&amp;lang=ro\">https:\/\/www.legis.md\/cautare\/getResults?doc_id=148195&amp;lang=ro<\/a><\/p>\n\n\n\n<div data-wp-interactive=\"core\/file\" class=\"wp-block-file\"><object data-wp-bind--hidden=\"!state.hasPdfPreview\" hidden class=\"wp-block-file__embed\" data=\"https:\/\/dpgcl.md\/wp-content\/uploads\/2025\/08\/148195.pdf\" type=\"application\/pdf\" style=\"width:100%;height:600px\" aria-label=\"\u0412\u0441\u0442\u0430\u0432\u043a\u0430 148195\"><\/object><a id=\"wp-block-file--media-e5db438e-04bd-4ea0-bd65-ac2a2f67e3cd\" href=\"https:\/\/dpgcl.md\/wp-content\/uploads\/2025\/08\/148195.pdf\">148195<\/a><a href=\"https:\/\/dpgcl.md\/wp-content\/uploads\/2025\/08\/148195.pdf\" class=\"wp-block-file__button wp-element-button\" download aria-describedby=\"wp-block-file--media-e5db438e-04bd-4ea0-bd65-ac2a2f67e3cd\">\u0421\u043a\u0430\u0447\u0430\u0442\u044c<\/a><\/div>\n\n\n\n<p class=\"has-very-light-gray-to-cyan-bluish-gray-gradient-background has-background\"><strong>Regulamentul cu privire la prestarea \u0219i achitarea serviciilor comunale \u0219i necomunale aprobat prin Hot\u0103r\u00eerea Guvernului nr.281 din 17.04.2024<\/strong>        <a href=\"https:\/\/www.legis.md\/cautare\/getResults?doc_id=148075&amp;lang=ro#\">https:\/\/www.legis.md\/cautare\/getResults?doc_id=148075&amp;lang=ro#<\/a><\/p>\n\n\n\n<div data-wp-interactive=\"core\/file\" class=\"wp-block-file\"><object data-wp-bind--hidden=\"!state.hasPdfPreview\" hidden class=\"wp-block-file__embed\" data=\"https:\/\/dpgcl.md\/wp-content\/uploads\/2025\/08\/148075.pdf\" type=\"application\/pdf\" style=\"width:100%;height:600px\" aria-label=\"\u0412\u0441\u0442\u0430\u0432\u043a\u0430 148075\"><\/object><a id=\"wp-block-file--media-90e34839-20d9-4786-b9fc-868997bb4c07\" href=\"https:\/\/dpgcl.md\/wp-content\/uploads\/2025\/08\/148075.pdf\">148075<\/a><a href=\"https:\/\/dpgcl.md\/wp-content\/uploads\/2025\/08\/148075.pdf\" class=\"wp-block-file__button wp-element-button\" download aria-describedby=\"wp-block-file--media-90e34839-20d9-4786-b9fc-868997bb4c07\">\u0421\u043a\u0430\u0447\u0430\u0442\u044c<\/a><\/div>\n\n\n\n<p class=\"has-very-light-gray-to-cyan-bluish-gray-gradient-background has-background\"><strong>Regulament al serviciului public de salubrizare al ora\u0219ului F\u0103le\u0219ti aprobat prin Decizia Consiliului Local  F\u0103le\u0219ti nr.03\/05 din 15.07.2014<\/strong> <a href=\"https:\/\/docs.google.com\/document\/d\/0B8tcouSfQ_3VRlFQNWk5WG4wSzg\/edit?resourcekey=0-0wCndE-lTQMfqxErQcJpMg&amp;tab=t.0\">https:\/\/docs.google.com\/document\/d\/0B8tcouSfQ_3VRlFQNWk5WG4wSzg\/edit?resourcekey=0-0wCndE-lTQMfqxErQcJpMg&amp;tab=t.0<\/a><\/p>\n\n\n\n<div data-wp-interactive=\"core\/file\" class=\"wp-block-file\"><object data-wp-bind--hidden=\"!state.hasPdfPreview\" hidden class=\"wp-block-file__embed\" data=\"https:\/\/dpgcl.md\/wp-content\/uploads\/2025\/08\/Regulament-al-serviciului-public-de-salubrizare-al-orasului-Falesti.doc.pdf\" type=\"application\/pdf\" style=\"width:100%;height:600px\" aria-label=\"\u0412\u0441\u0442\u0430\u0432\u043a\u0430 Regulament al serviciului public de salubrizare al ora\u015fului F\u0103le\u015fti.doc\"><\/object><a id=\"wp-block-file--media-c5d7b2bc-f03c-4017-b3a6-6428d2be6831\" href=\"https:\/\/dpgcl.md\/wp-content\/uploads\/2025\/08\/Regulament-al-serviciului-public-de-salubrizare-al-orasului-Falesti.doc.pdf\">Regulament al serviciului public de salubrizare al ora\u015fului F\u0103le\u015fti.doc<\/a><a href=\"https:\/\/dpgcl.md\/wp-content\/uploads\/2025\/08\/Regulament-al-serviciului-public-de-salubrizare-al-orasului-Falesti.doc.pdf\" class=\"wp-block-file__button wp-element-button\" download aria-describedby=\"wp-block-file--media-c5d7b2bc-f03c-4017-b3a6-6428d2be6831\">\u0421\u043a\u0430\u0447\u0430\u0442\u044c<\/a><\/div>\n\n\n\n<p class=\"has-vivid-cyan-blue-to-vivid-purple-gradient-background has-background has-x-large-font-size\">METODOLOGII<\/p>\n\n\n\n<p class=\"has-very-light-gray-to-cyan-bluish-gray-gradient-background has-background has-medium-font-size\"><strong><strong>METODOLOGIA<\/strong><\/strong>&nbsp;<strong>de determinare, aprobare \u0219i aplicare a tarifelor pentru serviciul public<br>&nbsp;de alimentare cu ap\u0103, de canalizare \u0219i de epurare a apelor uzate aprobat\u0103 prin prin Hot\u0103r\u00e2rea Consiliului de Administra\u021bie al ANRE nr. 489\/2019 din 20 decembrie 2019.<\/strong><a href=\"https:\/\/www.legis.md\/cautare\/getResults?doc_id=147060&amp;lang=ro\">https:\/\/www.legis.md\/cautare\/getResults?doc_id=147060&amp;lang=ro<\/a><\/p>\n\n\n\n<p class=\"has-very-light-gray-to-cyan-bluish-gray-gradient-background has-background has-medium-font-size\"><strong>METODOLOGIA<\/strong>&nbsp;<strong>privind aprobarea \u015fi aplicarea tarifelor la serviciile auxiliare<\/strong>&nbsp;<strong>prestate<\/strong>&nbsp;<strong>consumatorilor de c\u0103tre operatorii serviciului public<\/strong>&nbsp;<strong>de alimentare cu ap\u0103 \u015fi de canalizare<\/strong>&nbsp;<strong>apobat\u0103 prin Hot\u00eer\u00eerea Consiliului de Administra\u021bie al ANRE nr.270\/2015<\/strong>.<a href=\"https:\/\/www.legis.md\/cautare\/getResults?doc_id=147061&amp;lang=ro#\">https:\/\/www.legis.md\/cautare\/getResults?doc_id=147061&amp;lang=ro#<\/a><\/p>\n\n\n\n<p class=\"has-vivid-cyan-blue-to-vivid-purple-gradient-background has-background has-x-large-font-size\"><strong>CADRU NORMATIV<\/strong><\/p>\n\n\n\n<p class=\"has-very-light-gray-to-cyan-bluish-gray-gradient-background has-background has-medium-font-size\"><strong>Legea nr.303\/2013 privind serviciul public de alimentare cu ap\u0103 \u0219i de canalizare.&nbsp;<a href=\"https:\/\/www.legis.md\/cautare\/getResults?doc_id=144146&amp;lang=ro\">https:\/\/www.legis.md\/cautare\/getResults?doc_id=144146&amp;lang=ro<\/a><\/strong><\/p>\n\n\n\n<p class=\"has-very-light-gray-to-cyan-bluish-gray-gradient-background has-background has-medium-font-size\"><strong>Legea apelor nr.272\/2011<a href=\"https:\/\/www.legis.md\/cautare\/getResults?doc_id=147704&amp;lang=ro#\">https:\/\/www.legis.md\/cautare\/getResults?doc_id=147704&amp;lang=ro#<\/a><\/strong><\/p>\n\n\n\n<p class=\"has-very-light-gray-to-cyan-bluish-gray-gradient-background has-background has-medium-font-size\"><strong>Legea nr.1402\/2002 serviciilor publice de gospod\u0103rire comunal\u0103.<a href=\"https:\/\/www.legis.md\/cautare\/getResults?doc_id=148229&amp;lang=ro#\">https:\/\/www.legis.md\/cautare\/getResults?doc_id=148229&amp;lang=ro#<\/a><\/strong><\/p>\n\n\n\n<p class=\"has-very-light-gray-to-cyan-bluish-gray-gradient-background has-background has-medium-font-size\"><strong>Legea nr.187\/2022 cu privire la condominiu.<a href=\"https:\/\/www.legis.md\/cautare\/getResults?doc_id=148246&amp;lang=ro#\">https:\/\/www.legis.md\/cautare\/getResults?doc_id=148246&amp;lang=ro#<\/a><\/strong><\/p>\n\n\n\n<p class=\"has-very-light-gray-to-cyan-bluish-gray-gradient-background has-background has-medium-font-size\"><strong>Legea nr.75\/2015 cu privire la locuin\u021be.<a href=\"https:\/\/www.legis.md\/cautare\/getResults?doc_id=148707&amp;lang=ro#\">https:\/\/www.legis.md\/cautare\/getResults?doc_id=148707&amp;lang=ro#<\/a><\/strong><\/p>\n\n\n\n<p class=\"has-very-light-gray-to-cyan-bluish-gray-gradient-background has-background has-medium-font-size\"><strong>Legea nr.19\/2016 metrologiei.<a href=\"https:\/\/www.legis.md\/cautare\/getResults?doc_id=140248&amp;lang=ro\">https:\/\/www.legis.md\/cautare\/getResults?doc_id=140248&amp;lang=ro<\/a><\/strong><\/p>\n\n\n\n<p class=\"has-very-light-gray-to-cyan-bluish-gray-gradient-background has-background has-medium-font-size\"><strong>Legea nr.182\/2019 privind calitatea apei potabile.<a href=\"https:\/\/www.legis.md\/cautare\/getResults?doc_id=148486&amp;lang=ro#\">https:\/\/www.legis.md\/cautare\/getResults?doc_id=148486&amp;lang=ro#<\/a><\/strong><\/p>\n\n\n\n<p class=\"has-very-light-gray-to-cyan-bluish-gray-gradient-background has-background has-medium-font-size\"><strong>Caietul de sarcini cadru al serviciului public de alimentare cu ap\u0103 \u0219i de canalizare aprobat prin prin Hot\u00eer\u00eerea Consiliului de Administra\u021bie al ANRE nr.358\/2019<\/strong><a href=\"https:\/\/acu.md\/wp-content\/uploads\/2021\/06\/Hot__r__re-nr.-358-din-27.09.2019.pdf\">   https:\/\/acu.md\/wp-content\/uploads\/2021\/06\/Hot__r__re-nr.-358-din-27.09.2019.pdf<\/a><\/p>\n\n\n\n<p><\/p>\n","protected":false},"excerpt":{"rendered":"<p>Regulamente: Regulamentul privind cerin\u021bele de colectare, epurare \u0219i deversare a apelor uzate \u00een sistemul de canalizare \u0219i\/sau \u00een corpuri de ap\u0103 pentru localit\u0103\u021bile urbane \u0219i rurale, aprobat prin Hot\u0103r\u00eerea Guvernului nr.950\/2104. https:\/\/www.legis.md\/cautare\/getResults?doc_id=144939&amp;lang=ro# Regulamentul-cadru de organizare \u0219i func\u021bionare a serviciului public de alimentare cu ap\u0103 \u0219i de canalizare, aprobat prin Hot\u0103r\u00eerea Consiliului de Administra\u021bie al ANRE&hellip;&nbsp;<a href=\"https:\/\/dpgcl.md\/?page_id=948\" rel=\"bookmark\"><span class=\"screen-reader-text\">Acte Legislative<\/span><\/a><\/p>\n","protected":false},"author":1,"featured_media":1076,"parent":0,"menu_order":0,"comment_status":"closed","ping_status":"closed","template":"","meta":{"pagelayer_contact_templates":[],"_pagelayer_content":"","neve_meta_sidebar":"","neve_meta_container":"contained","neve_meta_enable_content_width":"on","neve_meta_content_width":100,"neve_meta_title_alignment":"center","neve_meta_author_avatar":"","neve_post_elements_order":"","neve_meta_disable_header":"","neve_meta_disable_footer":"","neve_meta_disable_title":"on","footnotes":""},"folder":[],"class_list":["post-948","page","type-page","status-publish","has-post-thumbnail","hentry"],"_links":{"self":[{"href":"https:\/\/dpgcl.md\/index.php?rest_route=\/wp\/v2\/pages\/948","targetHints":{"allow":["GET"]}}],"collection":[{"href":"https:\/\/dpgcl.md\/index.php?rest_route=\/wp\/v2\/pages"}],"about":[{"href":"https:\/\/dpgcl.md\/index.php?rest_route=\/wp\/v2\/types\/page"}],"author":[{"embeddable":true,"href":"https:\/\/dpgcl.md\/index.php?rest_route=\/wp\/v2\/users\/1"}],"replies":[{"embeddable":true,"href":"https:\/\/dpgcl.md\/index.php?rest_route=%2Fwp%2Fv2%2Fcomments&post=948"}],"version-history":[{"count":15,"href":"https:\/\/dpgcl.md\/index.php?rest_route=\/wp\/v2\/pages\/948\/revisions"}],"predecessor-version":[{"id":1468,"href":"https:\/\/dpgcl.md\/index.php?rest_route=\/wp\/v2\/pages\/948\/revisions\/1468"}],"wp:featuredmedia":[{"embeddable":true,"href":"https:\/\/dpgcl.md\/index.php?rest_route=\/wp\/v2\/media\/1076"}],"wp:attachment":[{"href":"https:\/\/dpgcl.md\/index.php?rest_route=%2Fwp%2Fv2%2Fmedia&parent=948"}],"wp:term":[{"taxonomy":"folder","embeddable":true,"href":"https:\/\/dpgcl.md\/index.php?rest_route=%2Fwp%2Fv2%2Ffolder&post=948"}],"curies":[{"name":"wp","href":"https:\/\/api.w.org\/{rel}","templated":true}]}}